{"id":275,"date":"2016-01-22T20:14:25","date_gmt":"2016-01-22T20:14:25","guid":{"rendered":"http:\/\/providental.es\/?page_id=275"},"modified":"2016-06-03T12:03:04","modified_gmt":"2016-06-03T12:03:04","slug":"blog","status":"publish","type":"page","link":"https:\/\/providental.es\/?page_id=275","title":{"rendered":"Blog"},"content":{"rendered":"<p>[et_pb_section admin_label=\u00bbSecci\u00f3n\u00bb fullwidth=\u00bbon\u00bb specialty=\u00bboff\u00bb transparent_background=\u00bboff\u00bb background_color=\u00bb#2ea3f2&#8243; allow_player_pause=\u00bboff\u00bb inner_shadow=\u00bboff\u00bb parallax=\u00bboff\u00bb parallax_method=\u00bboff\u00bb padding_mobile=\u00bboff\u00bb make_fullwidth=\u00bboff\u00bb use_custom_width=\u00bboff\u00bb width_unit=\u00bbon\u00bb make_equal=\u00bboff\u00bb use_custom_gutter=\u00bboff\u00bb gutter_width=\u00bb3&#8243;][et_pb_fullwidth_header admin_label=\u00bbT\u00edtulo de anchura completa\u00bb title=\u00bbBloc de Providental\u00bb subhead=\u00bbUna recopilaci\u00f3n de art\u00edculos sobre implantes y odontolog\u00eda en general\u00bb background_layout=\u00bbdark\u00bb text_orientation=\u00bbleft\u00bb header_fullscreen=\u00bboff\u00bb header_scroll_down=\u00bboff\u00bb parallax=\u00bboff\u00bb parallax_method=\u00bboff\u00bb content_orientation=\u00bbcenter\u00bb image_orientation=\u00bbcenter\u00bb custom_button_one=\u00bboff\u00bb button_one_text_size=\u00bb20&#8243; button_one_border_width=\u00bb2&#8243; button_one_border_radius=\u00bb3&#8243; button_one_letter_spacing=\u00bb0&#8243; button_one_use_icon=\u00bbdefault\u00bb button_one_icon_placement=\u00bbright\u00bb button_one_on_hover=\u00bbon\u00bb button_one_border_radius_hover=\u00bb3&#8243; button_one_letter_spacing_hover=\u00bb0&#8243; custom_button_two=\u00bboff\u00bb button_two_text_size=\u00bb20&#8243; button_two_border_width=\u00bb2&#8243; button_two_border_radius=\u00bb3&#8243; button_two_letter_spacing=\u00bb0&#8243; button_two_use_icon=\u00bbdefault\u00bb button_two_icon_placement=\u00bbright\u00bb button_two_on_hover=\u00bbon\u00bb button_two_border_radius_hover=\u00bb3&#8243; button_two_letter_spacing_hover=\u00bb0&#8243;] [\/et_pb_fullwidth_header][\/et_pb_section][et_pb_section admin_label=\u00bbsection\u00bb background_color=\u00bb#ffffff\u00bb inner_shadow=\u00bboff\u00bb parallax=\u00bbon\u00bb transparent_background=\u00bboff\u00bb allow_player_pause=\u00bboff\u00bb parallax_method=\u00bboff\u00bb padding_mobile=\u00bboff\u00bb make_fullwidth=\u00bboff\u00bb use_custom_width=\u00bboff\u00bb width_unit=\u00bbon\u00bb make_equal=\u00bboff\u00bb use_custom_gutter=\u00bboff\u00bb gutter_width=\u00bb3&#8243;][et_pb_row admin_label=\u00bbFila\u00bb][et_pb_column type=\u00bb4_4&#8243;][et_pb_blog admin_label=\u00bbBlog\u00bb fullwidth=\u00bboff\u00bb include_categories=\u00bb4,7,5,6,1&#8243; meta_date=\u00bbj M, Y\u00bb show_thumbnail=\u00bbon\u00bb show_content=\u00bboff\u00bb show_more=\u00bbon\u00bb show_author=\u00bboff\u00bb show_date=\u00bbon\u00bb show_categories=\u00bbon\u00bb show_comments=\u00bbon\u00bb show_pagination=\u00bbon\u00bb offset_number=\u00bb0&#8243; background_layout=\u00bblight\u00bb use_dropshadow=\u00bboff\u00bb use_border_color=\u00bboff\u00bb border_color=\u00bb#ffffff\u00bb border_style=\u00bbsolid\u00bb posts_number=\u00bb12&#8243; use_overlay=\u00bboff\u00bb] [\/et_pb_blog][\/et_pb_column][\/et_pb_row][\/et_pb_section]<\/p>\n","protected":false},"excerpt":{"rendered":"","protected":false},"author":1,"featured_media":0,"parent":0,"menu_order":0,"comment_status":"closed","ping_status":"closed","template":"","meta":{"_et_pb_use_builder":"on","_et_pb_old_content":"","_et_gb_content_width":"","_mi_skip_tracking":false,"_exactmetrics_sitenote_active":false,"_exactmetrics_sitenote_note":"","_exactmetrics_sitenote_category":0,"footnotes":""},"aioseo_notices":[],"_links":{"self":[{"href":"https:\/\/providental.es\/index.php?rest_route=\/wp\/v2\/pages\/275"}],"collection":[{"href":"https:\/\/providental.es\/index.php?rest_route=\/wp\/v2\/pages"}],"about":[{"href":"https:\/\/providental.es\/index.php?rest_route=\/wp\/v2\/types\/page"}],"author":[{"embeddable":true,"href":"https:\/\/providental.es\/index.php?rest_route=\/wp\/v2\/users\/1"}],"replies":[{"embeddable":true,"href":"https:\/\/providental.es\/index.php?rest_route=%2Fwp%2Fv2%2Fcomments&post=275"}],"version-history":[{"count":3,"href":"https:\/\/providental.es\/index.php?rest_route=\/wp\/v2\/pages\/275\/revisions"}],"predecessor-version":[{"id":375,"href":"https:\/\/providental.es\/index.php?rest_route=\/wp\/v2\/pages\/275\/revisions\/375"}],"wp:attachment":[{"href":"https:\/\/providental.es\/index.php?rest_route=%2Fwp%2Fv2%2Fmedia&parent=275"}],"curies":[{"name":"wp","href":"https:\/\/api.w.org\/{rel}","templated":true}]}}