{"id":185,"date":"2016-01-21T08:43:13","date_gmt":"2016-01-21T08:43:13","guid":{"rendered":"http:\/\/providental.es\/?page_id=185"},"modified":"2017-09-29T10:17:16","modified_gmt":"2017-09-29T10:17:16","slug":"nuestro-equipo","status":"publish","type":"page","link":"https:\/\/providental.es\/?page_id=185","title":{"rendered":"Nosotros"},"content":{"rendered":"<p>[et_pb_section admin_label=\u00bbsection\u00bb background_color=\u00bb#00a0e3&#8243; inner_shadow=\u00bbon\u00bb fullwidth=\u00bbon\u00bb transparent_background=\u00bboff\u00bb allow_player_pause=\u00bboff\u00bb parallax=\u00bboff\u00bb parallax_method=\u00bboff\u00bb padding_mobile=\u00bboff\u00bb make_fullwidth=\u00bboff\u00bb use_custom_width=\u00bboff\u00bb width_unit=\u00bbon\u00bb make_equal=\u00bboff\u00bb use_custom_gutter=\u00bboff\u00bb][et_pb_fullwidth_header admin_label=\u00bbT\u00edtulo de anchura completa\u00bb title=\u00bbNosotros\u00bb subhead=\u00bbTenemos el mejor equipo para darte el mejor servicio.\u00bb background_layout=\u00bbdark\u00bb text_orientation=\u00bbleft\u00bb header_fullscreen=\u00bboff\u00bb header_scroll_down=\u00bboff\u00bb parallax=\u00bboff\u00bb parallax_method=\u00bboff\u00bb content_orientation=\u00bbcenter\u00bb image_orientation=\u00bbcenter\u00bb custom_button_one=\u00bboff\u00bb button_one_text_size=\u00bb20&#8243; button_one_border_width=\u00bb2&#8243; button_one_border_radius=\u00bb3&#8243; button_one_letter_spacing=\u00bb0&#8243; button_one_use_icon=\u00bbdefault\u00bb button_one_icon_placement=\u00bbright\u00bb button_one_on_hover=\u00bbon\u00bb button_one_border_radius_hover=\u00bb3&#8243; button_one_letter_spacing_hover=\u00bb0&#8243; custom_button_two=\u00bboff\u00bb button_two_text_size=\u00bb20&#8243; button_two_border_width=\u00bb2&#8243; button_two_border_radius=\u00bb3&#8243; button_two_letter_spacing=\u00bb0&#8243; button_two_use_icon=\u00bbdefault\u00bb button_two_icon_placement=\u00bbright\u00bb button_two_on_hover=\u00bbon\u00bb button_two_border_radius_hover=\u00bb3&#8243; button_two_letter_spacing_hover=\u00bb0&#8243;]<br \/>\n[\/et_pb_fullwidth_header][\/et_pb_section][et_pb_section admin_label=\u00bbsection\u00bb][et_pb_row admin_label=\u00bbFila\u00bb][et_pb_column type=\u00bb4_4&#8243;][et_pb_text admin_label=\u00bbTexto\u00bb background_layout=\u00bblight\u00bb text_orientation=\u00bbleft\u00bb use_border_color=\u00bboff\u00bb border_color=\u00bb#ffffff\u00bb border_style=\u00bbsolid\u00bb]<\/p>\n<h2>Dr.\u00a0Manuel Sanchez-Andrade De San Severiano<\/h2>\n<p><strong><em>Licenciado en Odontolog\u00eda\u00a0&#8211;\u00a0N\u00ba Registro Sanitario: C-36-000907 &#8211; Colegiado N\u00ba 1041<\/em><\/strong><\/p>\n<p>Licenciado en Odontolog\u00eda,\u00a0\u00a0Universidad Alfonso X El Sabio de Madrid.<br \/>\nTesina de Grado de Licenciatura Universidad de Santiago de Compostela.<br \/>\nEspecialista en Implantolog\u00eda Dental USC<\/p>\n<p>[\/et_pb_text][et_pb_image admin_label=\u00bbImagen\u00bb src=\u00bbhttp:\/\/providental.es\/wp-content\/uploads\/2016\/01\/nosotros.jpg\u00bb animation=\u00bbleft\u00bb show_in_lightbox=\u00bboff\u00bb url_new_window=\u00bboff\u00bb sticky=\u00bboff\u00bb align=\u00bbleft\u00bb force_fullwidth=\u00bboff\u00bb always_center_on_mobile=\u00bbon\u00bb use_border_color=\u00bboff\u00bb border_color=\u00bb#ffffff\u00bb border_style=\u00bbsolid\u00bb]<br \/>\n[\/et_pb_image][et_pb_text admin_label=\u00bbTexto\u00bb background_layout=\u00bblight\u00bb text_orientation=\u00bbleft\u00bb text_font_size=\u00bb14&#8243; use_border_color=\u00bboff\u00bb border_color=\u00bb#ffffff\u00bb border_style=\u00bbsolid\u00bb]<\/p>\n<h2><\/h2>\n<p>Propietario y Gerente\u00a0de la <strong>Clinica Providental<\/strong> desde el a\u00f1o 2007.<br \/>\n<strong>Especializada en Implantolog\u00eda Dental<\/strong> donde se han atendido<strong> m\u00e1s de 5000\u00a0pacientes<\/strong> de la Provincia de Pontevedra y otra provincias de Galicia.<\/p>\n<p><strong>Providental NO\u00a0es una franquicia<\/strong>, y\u00a0esto la hace diferente.<br \/>\nEs un proyecto iniciado en 2007 por el Dr. Manuel S\u00e1nchez-Andrade de San Severiano con la idea de atender personalmente a cada uno de los pacientes. Con esta idea, se han atendido en nuestra Cl\u00ednica m\u00e1s de 5000 personas, y realizando m\u00e1s de 400 implantes anuales.<\/p>\n<p>Concentramos toda nuestra energ\u00eda en solucionar los problemas del paciente, que es para nosotros la pieza fundamental del proyecto. Por ello ponemos todo nuestro empe\u00f1o y nuestro equipo humano y tecnol\u00f3gico a su servicio, utilizando las t\u00e9cnicas m\u00e1s avanzadas en Implantolog\u00eda Dental para lograr su mayor satisfacci\u00f3n.<\/p>\n<p><strong>Providental no tiene otras cl\u00ednicas<\/strong>, no dispersamos nuestra energ\u00eda.<br \/>\nAl paciente siempre lo atender\u00e1 el Dr Manuel Sanchez-Andrade, porque la responsabilidad ante nuestros pacientes es nuestra mayor fortaleza.<\/p>\n<p>[\/et_pb_text][\/et_pb_column][\/et_pb_row][\/et_pb_section][et_pb_section admin_label=\u00bbsection\u00bb background_color=\u00bb#f5f5f5&#8243; inner_shadow=\u00bbon\u00bb transparent_background=\u00bboff\u00bb allow_player_pause=\u00bboff\u00bb parallax=\u00bboff\u00bb parallax_method=\u00bboff\u00bb padding_mobile=\u00bboff\u00bb make_fullwidth=\u00bboff\u00bb use_custom_width=\u00bboff\u00bb width_unit=\u00bbon\u00bb make_equal=\u00bboff\u00bb use_custom_gutter=\u00bboff\u00bb gutter_width=\u00bb3&#8243;][et_pb_row admin_label=\u00bbrow\u00bb][et_pb_column type=\u00bb4_4&#8243;][et_pb_text admin_label=\u00bbTexto\u00bb text_orientation=\u00bbcenter\u00bb background_layout=\u00bblight\u00bb text_font_size=\u00bb14&#8243; use_border_color=\u00bboff\u00bb border_color=\u00bb#ffffff\u00bb border_style=\u00bbsolid\u00bb]<\/p>\n<h2 style=\"text-align: center;\">Art\u00edculos recientes<\/h2>\n<p style=\"text-align: center;\">Algunos de nuestros art\u00edculos escritos sobre implantolog\u00eda, odontolog\u00eda general &#8230;<\/p>\n<p>[\/et_pb_text][\/et_pb_column][\/et_pb_row][et_pb_row admin_label=\u00bbrow\u00bb][et_pb_column type=\u00bb4_4&#8243;][et_pb_blog admin_label=\u00bbBlog\u00bb fullwidth=\u00bboff\u00bb show_pagination=\u00bboff\u00bb posts_number=\u00bb3&#8243; show_thumbnail=\u00bbon\u00bb show_content=\u00bboff\u00bb show_author=\u00bbon\u00bb show_date=\u00bbon\u00bb show_categories=\u00bbon\u00bb include_categories=\u00bb4,7,5&#8243; show_more=\u00bboff\u00bb show_comments=\u00bbon\u00bb offset_number=\u00bb0&#8243; background_layout=\u00bblight\u00bb use_dropshadow=\u00bboff\u00bb use_border_color=\u00bboff\u00bb border_color=\u00bb#ffffff\u00bb border_style=\u00bbsolid\u00bb use_overlay=\u00bboff\u00bb]<br \/>\n[\/et_pb_blog][\/et_pb_column][\/et_pb_row][\/et_pb_section][et_pb_section admin_label=\u00bbsection\u00bb background_color=\u00bb#2ea3f2&#8243; transparent_background=\u00bboff\u00bb allow_player_pause=\u00bboff\u00bb inner_shadow=\u00bboff\u00bb parallax=\u00bboff\u00bb parallax_method=\u00bboff\u00bb padding_mobile=\u00bboff\u00bb make_fullwidth=\u00bboff\u00bb use_custom_width=\u00bboff\u00bb width_unit=\u00bbon\u00bb make_equal=\u00bboff\u00bb use_custom_gutter=\u00bboff\u00bb gutter_width=\u00bb3&#8243;][et_pb_row admin_label=\u00bbrow\u00bb][et_pb_column type=\u00bb4_4&#8243;][et_pb_cta admin_label=\u00bbLlamada a la acci\u00f3n\u00bb title=\u00bbTu mejor sonrisa es nuestro objetivo. Si te hemos convencido&#8230;\u00bb button_url=\u00bbhttp:\/\/providental.es\/?page_id=80&#8243; button_text=\u00bbLlamando al 886 21 31 42 o haciendo Click aqui!\u00bb background_layout=\u00bbdark\u00bb background_color=\u00bbnone\u00bb url_new_window=\u00bboff\u00bb use_background_color=\u00bbon\u00bb text_orientation=\u00bbcenter\u00bb header_font_size=\u00bb26&#8243; body_font_size=\u00bb14&#8243; use_border_color=\u00bboff\u00bb border_color=\u00bb#ffffff\u00bb border_style=\u00bbsolid\u00bb custom_button=\u00bboff\u00bb button_text_size=\u00bb20&#8243; button_border_width=\u00bb2&#8243; button_border_radius=\u00bb3&#8243; button_letter_spacing=\u00bb0&#8243; button_use_icon=\u00bbdefault\u00bb button_icon_placement=\u00bbright\u00bb button_on_hover=\u00bbon\u00bb button_border_radius_hover=\u00bb3&#8243; button_letter_spacing_hover=\u00bb0&#8243;]<\/p>\n<p style=\"text-align: center;\">En Pontevedra desde 2007. M\u00e1s de 5000 clientes. Financiaci\u00f3n a 24 meses sin intereses.<br \/>\nSomos la Clinica que estabas buscando. \u00a1Ahora si puedes!<\/p>\n<p>[\/et_pb_cta][\/et_pb_column][\/et_pb_row][\/et_pb_section]<\/p>\n","protected":false},"excerpt":{"rendered":"<p>Dr.\u00a0Manuel Sanchez-Andrade De San Severiano Licenciado en Odontolog\u00eda\u00a0&#8211;\u00a0N\u00ba Registro Sanitario: C-36-000907 &#8211; Colegiado N\u00ba 1041 Licenciado en Odontolog\u00eda,\u00a0\u00a0Universidad Alfonso X El Sabio de Madrid. Tesina de Grado de Licenciatura Universidad de Santiago de Compostela. Especialista en Implantolog\u00eda Dental USC Propietario y Gerente\u00a0de la Clinica Providental desde el a\u00f1o 2007. Especializada en Implantolog\u00eda Dental donde se [&hellip;]<\/p>\n","protected":false},"author":1,"featured_media":0,"parent":0,"menu_order":0,"comment_status":"closed","ping_status":"closed","template":"","meta":{"_et_pb_use_builder":"on","_et_pb_old_content":"","_et_gb_content_width":"","_mi_skip_tracking":false,"_exactmetrics_sitenote_active":false,"_exactmetrics_sitenote_note":"","_exactmetrics_sitenote_category":0,"footnotes":""},"aioseo_notices":[],"_links":{"self":[{"href":"https:\/\/providental.es\/index.php?rest_route=\/wp\/v2\/pages\/185"}],"collection":[{"href":"https:\/\/providental.es\/index.php?rest_route=\/wp\/v2\/pages"}],"about":[{"href":"https:\/\/providental.es\/index.php?rest_route=\/wp\/v2\/types\/page"}],"author":[{"embeddable":true,"href":"https:\/\/providental.es\/index.php?rest_route=\/wp\/v2\/users\/1"}],"replies":[{"embeddable":true,"href":"https:\/\/providental.es\/index.php?rest_route=%2Fwp%2Fv2%2Fcomments&post=185"}],"version-history":[{"count":27,"href":"https:\/\/providental.es\/index.php?rest_route=\/wp\/v2\/pages\/185\/revisions"}],"predecessor-version":[{"id":416,"href":"https:\/\/providental.es\/index.php?rest_route=\/wp\/v2\/pages\/185\/revisions\/416"}],"wp:attachment":[{"href":"https:\/\/providental.es\/index.php?rest_route=%2Fwp%2Fv2%2Fmedia&parent=185"}],"curies":[{"name":"wp","href":"https:\/\/api.w.org\/{rel}","templated":true}]}}